{"id":95,"date":"2025-06-20T01:39:06","date_gmt":"2025-06-20T01:39:06","guid":{"rendered":"https:\/\/glaudiotecnology.com.br\/radio\/?page_id=95"},"modified":"2025-06-20T01:47:32","modified_gmt":"2025-06-20T01:47:32","slug":"webparatodos","status":"publish","type":"page","link":"https:\/\/glaudiotecnology.com.br\/radio\/index.php\/webparatodos\/","title":{"rendered":"WEBPARATODOS"},"content":{"rendered":"\t\t<div data-elementor-type=\"wp-page\" data-elementor-id=\"95\" class=\"elementor elementor-95\">\n\t\t\t\t<div class=\"elementor-element elementor-element-8f4df20 e-flex e-con-boxed e-con e-parent\" data-id=\"8f4df20\" data-element_type=\"container\">\n\t\t\t\t\t<div class=\"e-con-inner\">\n\t\t\t\t<div class=\"elementor-element elementor-element-e0c6278 elementor-widget elementor-widget-html\" data-id=\"e0c6278\" data-element_type=\"widget\" data-widget_type=\"html.default\">\n\t\t\t\t<div class=\"elementor-widget-container\">\n\t\t\t\t\t<html lang=\"pt-BR\">\r\n<head>\r\n  <meta charset=\"UTF-8\" \/>\r\n  <meta name=\"viewport\" content=\"width=device-width, initial-scale=1\" \/>\r\n  <title>R\u00e1dio em Constru\u00e7\u00e3o - GL CAST<\/title>\r\n  <link rel=\"icon\" type=\"image\/png\" href=\"https:\/\/img.radios.com.br\/radio\/lg\/radio215600_1739345723.jpeg\" \/>\r\n  <style>\r\n    body {\r\n      margin: 0;\r\n      padding: 0;\r\n      background: url('https:\/\/radionovafm104.com.br\/wp-content\/uploads\/2025\/06\/Sem-tituloDDD.jpg') no-repeat center center fixed;\r\n      background-size: cover;\r\n      font-family: Arial, sans-serif;\r\n      color: #fff;\r\n      display: flex;\r\n      flex-direction: column;\r\n      align-items: center;\r\n      min-height: 100vh;\r\n      overflow-x: hidden;\r\n      position: relative;\r\n    }\r\n\r\n    body::before {\r\n      content: \"\";\r\n      position: absolute;\r\n      top: 0; left: 0;\r\n      width: 100%; height: 100%;\r\n      background: rgba(0, 0, 0, 0.6);\r\n      z-index: 0;\r\n    }\r\n\r\n    .content {\r\n      position: relative;\r\n      z-index: 1;\r\n      width: 100%;\r\n      max-width: 900px;\r\n      padding: 20px;\r\n      display: flex;\r\n      flex-direction: column;\r\n      align-items: center;\r\n      flex: 1;\r\n    }\r\n\r\n    .logo-box {\r\n      background: rgba(0, 0, 0, 0.7);\r\n      padding: 20px 40px;\r\n      border-radius: 15px;\r\n      margin-top: 30px;\r\n      margin-bottom: 20px;\r\n      box-shadow: 0 0 15px rgba(255,255,255,0.1);\r\n      display: flex;\r\n      justify-content: center;\r\n      align-items: center;\r\n      max-width: 400px;\r\n      width: 100%;\r\n    }\r\n\r\n    .logo-box img {\r\n      width: 100%;\r\n      height: auto;\r\n      border-radius: 10px;\r\n      object-fit: contain;\r\n    }\r\n\r\n    .icons-strip {\r\n      display: flex;\r\n      gap: 40px;\r\n      animation: scroll-left 20s linear infinite;\r\n      white-space: nowrap;\r\n      padding: 20px 0;\r\n    }\r\n\r\n    .icon-container {\r\n      display: inline-block;\r\n      width: 50px;\r\n      height: 50px;\r\n    }\r\n\r\n    .icon-container svg {\r\n      width: 100%;\r\n      height: 100%;\r\n      fill: #f1c40f;\r\n    }\r\n\r\n    @keyframes scroll-left {\r\n      0% { transform: translateX(100%); }\r\n      100% { transform: translateX(-100%); }\r\n    }\r\n\r\n    .message {\r\n      text-align: center;\r\n      font-size: 1.8rem;\r\n      margin: 20px;\r\n    }\r\n\r\n    .player {\r\n      margin: 20px 0;\r\n      width: 100%;\r\n      max-width: 600px;\r\n    }\r\n\r\n    iframe {\r\n      width: 100%;\r\n      height: 120px;\r\n      border: none;\r\n      border-radius: 10px;\r\n      box-shadow: 0 0 15px rgba(255,255,255,0.3);\r\n    }\r\n\r\n    .app-buttons {\r\n      margin-top: 20px;\r\n      display: flex;\r\n      justify-content: center;\r\n      gap: 15px;\r\n      flex-wrap: wrap;\r\n    }\r\n\r\n    .app-buttons a img {\r\n      border-radius: 8px;\r\n      box-shadow: 0 0 8px rgba(0,0,0,0.4);\r\n      transition: transform 0.2s ease;\r\n    }\r\n\r\n    .app-buttons a img:hover {\r\n      transform: scale(1.05);\r\n    }\r\n\r\n    footer {\r\n      position: relative;\r\n      z-index: 1;\r\n      background: rgba(0,0,0,0.7);\r\n      width: 100%;\r\n      text-align: center;\r\n      padding: 10px 0;\r\n      font-size: 0.9rem;\r\n      color: #ccc;\r\n      margin-top: auto;\r\n    }\r\n\r\n    footer a {\r\n      color: #f1c40f;\r\n      text-decoration: none;\r\n    }\r\n\r\n    footer a:hover {\r\n      text-decoration: underline;\r\n    }\r\n  <\/style>\r\n<\/head>\r\n<body>\r\n  <div class=\"content\">\r\n\r\n    <!-- Logo -->\r\n    <div class=\"logo-box\">\r\n      <img decoding=\"async\" src=\"https:\/\/img.radios.com.br\/radio\/md\/radio215600_1680117730.jpeg\" alt=\"Logo da R\u00e1dio\">\r\n    <\/div>\r\n\r\n    <!-- Faixa animada com \u00edcones SVG -->\r\n    <div class=\"icons-strip\">\r\n      <div class=\"icon-container\">\r\n        <svg xmlns=\"http:\/\/www.w3.org\/2000\/svg\" viewBox=\"0 0 24 24\"><path d=\"M3 6l13.35-4.5a1 1 0 1 1 .6 1.9L7 7h13a1 1 0 0 1 1 1v11a2 2 0 0 1-2 2H5a2 2 0 0 1-2-2V7a1 1 0 0 1 0-.25 1 1 0 0 1 0-.08V6Zm2 3v10h14V9H5Z\"\/><\/svg>\r\n      <\/div>\r\n      <div class=\"icon-container\">\r\n        <svg xmlns=\"http:\/\/www.w3.org\/2000\/svg\" viewBox=\"0 0 24 24\"><path d=\"M12 2a10 10 0 1 0 10 10A10.011 10.011 0 0 0 12 2Zm1 14h-2v-2h2Zm0-4h-2V7h2Z\"\/><\/svg>\r\n      <\/div>\r\n      <div class=\"icon-container\">\r\n        <svg xmlns=\"http:\/\/www.w3.org\/2000\/svg\" viewBox=\"0 0 24 24\"><path d=\"M4 5v14h16V5Zm14 12H6V7h12Z\"\/><\/svg>\r\n      <\/div>\r\n    <\/div>\r\n\r\n    <!-- Mensagem -->\r\n    <div class=\"message\">\ud83d\udea7 P\u00e1gina em Constru\u00e7\u00e3o \ud83d\udea7<br>Nosso player estar\u00e1 online em instantes!<\/div>\r\n\r\n    <!-- Player -->\r\n    <div class=\"player\">\r\n      <iframe src=\"https:\/\/glaudiotecnology.srv.br\/public\/paratodos\/embed?theme=dark\" allow=\"autoplay\"><\/iframe>\r\n    <\/div>\r\n\r\n    <!-- Bot\u00f5es para app -->\r\n    <div class=\"app-buttons\">\r\n      <a href=\"\" target=\"_blank\">\r\n        <img decoding=\"async\" src=\"https:\/\/player.glaudiotecnology.uk\/app-multi-plataforma\/img-instalar-app-android.png\" width=\"150\" height=\"48\" alt=\"Instalar no Android\">\r\n      <\/a>\r\n      <a href=\"\" target=\"_blank\">\r\n        <img decoding=\"async\" src=\"https:\/\/player.glaudiotecnology.uk\/app-multi-plataforma\/img-instalar-app-iphone.png\" width=\"150\" height=\"48\" alt=\"Instalar no iPhone\">\r\n      <\/a>\r\n      <a href=\"\" target=\"_blank\">\r\n        <img decoding=\"async\" src=\"https:\/\/player.glaudiotecnology.uk\/app-multi-plataforma\/img-instalar-app-windows.png\" width=\"150\" height=\"48\" alt=\"Instalar no Windows\">\r\n      <\/a>\r\n    <\/div>\r\n\r\n  <\/div>\r\n\r\n  <!-- Rodap\u00e9 -->\r\n  <footer>\r\n    P\u00e1gina desenvolvida por <strong>GL CAST<\/strong> \u2014 <a href=\"https:\/\/glaudiostreaming.com.br\" target=\"_blank\">glaudiostreaming.com.br<\/a>\r\n  <\/footer>\r\n\r\n<\/body>\r\n<\/html>\t\t\t\t\t<\/div>\n\t\t\t\t<\/div>\n\t\t\t\t\t<\/div>\n\t\t\t\t<\/div>\n\t\t\t\t<\/div>\n\t\t","protected":false},"excerpt":{"rendered":"<p>R\u00e1dio em Constru\u00e7\u00e3o &#8211; GL CAST \ud83d\udea7 P\u00e1gina em Constru\u00e7\u00e3o \ud83d\udea7Nosso player estar\u00e1 online em instantes! P\u00e1gina desenvolvida por GL CAST \u2014 glaudiostreaming.com.br<\/p>\n","protected":false},"author":1,"featured_media":0,"parent":0,"menu_order":0,"comment_status":"closed","ping_status":"closed","template":"elementor_canvas","meta":{"footnotes":""},"class_list":["post-95","page","type-page","status-publish","hentry"],"_links":{"self":[{"href":"https:\/\/glaudiotecnology.com.br\/radio\/index.php\/wp-json\/wp\/v2\/pages\/95","targetHints":{"allow":["GET"]}}],"collection":[{"href":"https:\/\/glaudiotecnology.com.br\/radio\/index.php\/wp-json\/wp\/v2\/pages"}],"about":[{"href":"https:\/\/glaudiotecnology.com.br\/radio\/index.php\/wp-json\/wp\/v2\/types\/page"}],"author":[{"embeddable":true,"href":"https:\/\/glaudiotecnology.com.br\/radio\/index.php\/wp-json\/wp\/v2\/users\/1"}],"replies":[{"embeddable":true,"href":"https:\/\/glaudiotecnology.com.br\/radio\/index.php\/wp-json\/wp\/v2\/comments?post=95"}],"version-history":[{"count":4,"href":"https:\/\/glaudiotecnology.com.br\/radio\/index.php\/wp-json\/wp\/v2\/pages\/95\/revisions"}],"predecessor-version":[{"id":100,"href":"https:\/\/glaudiotecnology.com.br\/radio\/index.php\/wp-json\/wp\/v2\/pages\/95\/revisions\/100"}],"wp:attachment":[{"href":"https:\/\/glaudiotecnology.com.br\/radio\/index.php\/wp-json\/wp\/v2\/media?parent=95"}],"curies":[{"name":"wp","href":"https:\/\/api.w.org\/{rel}","templated":true}]}}