{"id":64,"date":"2025-05-01T20:54:59","date_gmt":"2025-05-01T20:54:59","guid":{"rendered":"https:\/\/glaudiotecnology.com.br\/radio\/?page_id=64"},"modified":"2026-02-16T18:07:30","modified_gmt":"2026-02-16T18:07:30","slug":"montealegre87-com-br","status":"publish","type":"page","link":"https:\/\/glaudiotecnology.com.br\/radio\/index.php\/montealegre87-com-br\/","title":{"rendered":"montealegre87.com.br"},"content":{"rendered":"\t\t<div data-elementor-type=\"wp-page\" data-elementor-id=\"64\" class=\"elementor elementor-64\">\n\t\t\t\t<div class=\"elementor-element elementor-element-c45c1fc e-flex e-con-boxed e-con e-parent\" data-id=\"c45c1fc\" data-element_type=\"container\">\n\t\t\t\t\t<div class=\"e-con-inner\">\n\t\t\t\t<div class=\"elementor-element elementor-element-a1089a3 elementor-widget elementor-widget-html\" data-id=\"a1089a3\" data-element_type=\"widget\" data-widget_type=\"html.default\">\n\t\t\t\t<div class=\"elementor-widget-container\">\n\t\t\t\t\t<!DOCTYPE html>\n<html lang=\"pt-BR\">\n<head>\n  <meta charset=\"UTF-8\">\n  <meta name=\"viewport\" content=\"width=device-width, initial-scale=1.0\">\n  <title>Monte Alegre FM 87.9<\/title>\n\n  <!-- Favicon -->\n  <link rel=\"icon\" type=\"image\/png\" href=\"https:\/\/glaudiotecnology.com.br\/radio\/wp-content\/uploads\/2026\/02\/WhatsApp-Image-2026-02-16-at-14.47.04.jpeg\">\n  <link rel=\"shortcut icon\" href=\"https:\/\/glaudiotecnology.com.br\/radio\/wp-content\/uploads\/2025\/05\/Henrique-Radio-FM-Perfil0021.png\">\n\n  <style>\n    * {\n      margin: 0;\n      padding: 0;\n      box-sizing: border-box;\n    }\n\n    body {\n      font-family: 'Segoe UI', Tahoma, Geneva, Verdana, sans-serif;\n      background-color: #0d0d0d;\n      color: #f0f0f0;\n      display: flex;\n      flex-direction: column;\n      min-height: 100vh;\n      justify-content: center;\n      align-items: center;\n      padding: 20px;\n    }\n\n    .container {\n      max-width: 800px;\n      width: 100%;\n      background-color: #1a1a1a;\n      border-radius: 16px;\n      box-shadow: 0 8px 24px rgba(0, 0, 0, 0.6);\n      overflow: hidden;\n      text-align: center;\n      padding: 30px 20px;\n    }\n\n    .logo-box {\n      background-color: #2a2a2a;\n      border-radius: 12px;\n      padding: 20px;\n      margin-bottom: 20px;\n      box-shadow: 0 4px 16px rgba(0, 0, 0, 0.3);\n      display: flex;\n      justify-content: center;\n    }\n\n    .logo-box img {\n      max-width: 200px;\n      height: auto;\n      border-radius: 8px;\n      animation: pulse 2.5s infinite ease-in-out;\n    }\n\n    @keyframes pulse {\n      0% {\n        transform: scale(1);\n        box-shadow: 0 0 0 rgba(255, 255, 255, 0.0);\n      }\n      50% {\n        transform: scale(1.05);\n        box-shadow: 0 0 20px rgba(255, 255, 255, 0.15);\n      }\n      100% {\n        transform: scale(1);\n        box-shadow: 0 0 0 rgba(255, 255, 255, 0.0);\n      }\n    }\n\n    .description {\n      font-size: 1.2em;\n      line-height: 1.6;\n      margin-bottom: 30px;\n    }\n\n    iframe {\n      width: 100%;\n      height: 120px;\n      border: none;\n      border-radius: 8px;\n    }\n\n    .credit {\n      margin-top: 15px;\n      font-size: 0.9em;\n      color: #888;\n    }\n\n    \/* Bot\u00f5es flutuantes *\/\n    .float-btn {\n      position: fixed;\n      right: 20px;\n      z-index: 999;\n      width: 50px;\n      height: 50px;\n      border-radius: 50%;\n      box-shadow: 0 4px 12px rgba(0, 0, 0, 0.3);\n      display: flex;\n      justify-content: center;\n      align-items: center;\n      transition: transform 0.3s;\n    }\n\n    .float-btn img {\n      width: 28px;\n      height: 28px;\n    }\n\n    .float-instagram {\n      bottom: 20px;\n      background-color: #E1306C;\n    }\n\n    .float-whatsapp {\n      bottom: 80px;\n      background-color: #25D366;\n    }\n\n    .float-facebook {\n      bottom: 140px;\n      background-color: #3b5998;\n    }\n\n    .float-android {\n      bottom: 200px;\n      background-color: #3DDC84;\n    }\n\n    .float-ios {\n      bottom: 260px;\n      background-color: #A2AAAD;\n    }\n\n    .float-btn:hover {\n      transform: scale(1.1);\n    }\n\n    @media (max-width: 600px) {\n      .container {\n        padding: 20px 15px;\n      }\n    }\n  <\/style>\n<\/head>\n<body>\n\n  <div class=\"container\">\n    <div class=\"logo-box\">\n      <img decoding=\"async\" src=\"https:\/\/glaudiotecnology.com.br\/radio\/wp-content\/uploads\/2026\/02\/WhatsApp-Image-2026-02-16-at-14.47.04.jpeg\" alt=\"Logo da R\u00e1dio\">\n    <\/div>\n\n    <h1>Monte Alegre FM 87.9<\/h1>\n    <p class=\"description\">\n     Monte Alegre FM 87.9  A R\u00e1dio do Povo Sertanejo\n\nLocalizada em Monte Alegre, no cora\u00e7\u00e3o do sert\u00e3o sergipano, a R\u00e1dio Monte Alegre FM 87.9 \u00e9 a verdadeira voz da nossa gente. Com o compromisso de informar, entreter e valorizar as ra\u00edzes sertanejas, nossa programa\u00e7\u00e3o \u00e9 feita com carinho e dedica\u00e7\u00e3o. Tocamos os maiores sucessos da m\u00fasica sertaneja e do forr\u00f3, promovemos a cultura, a f\u00e9 e trazemos as not\u00edcias que realmente importam para a regi\u00e3o.\n\nSomos a companhia di\u00e1ria de quem vive, trabalha e ama o sert\u00e3o.\n\nSintonize 87.9 FM e sinta a for\u00e7a da Monte Alegre FM - A R\u00e1dio do Povo Sertanejo!\n    <\/p>\n\n    <iframe src=\"https:\/\/player.glaudiotecnology.uk\/player-sonic\/7106\" allow=\"autoplay\"><\/iframe>\n\n    <div class=\"credit\">Desenvolvido por Gabriel L. Garcia<\/div>\n  <\/div>\n\n  <!-- Bot\u00f5es flutuantes -->\n  <a class=\"float-btn float-instagram\" href=\"https:\/\/www.instagram.com\/montealegrefm87.9\" target=\"_blank\" title=\"Instagram\">\n    <img decoding=\"async\" src=\"https:\/\/cdn-icons-png.flaticon.com\/512\/2111\/2111463.png\" alt=\"Instagram\">\n  <\/a>\n\n  <a class=\"float-btn float-whatsapp\" href=\"https:\/\/wa.me\/5581999999999\" target=\"_blank\" title=\"WhatsApp\">\n    <img decoding=\"async\" src=\"https:\/\/cdn-icons-png.flaticon.com\/512\/733\/733585.png\" alt=\"WhatsApp\">\n  <\/a>\n\n  <a class=\"float-btn float-facebook\" href=\"https:\/\/facebook.com\/suapaginadarfm\" target=\"_blank\" title=\"Facebook\">\n    <img decoding=\"async\" src=\"https:\/\/cdn-icons-png.flaticon.com\/512\/733\/733547.png\" alt=\"Facebook\">\n  <\/a>\n\n  <a class=\"float-btn float-android\" href=\"https:\/\/player.glaudiotecnology.uk\/player-app-multi-plataforma\/7106\" target=\"_blank\" title=\"App Android\">\n    <img decoding=\"async\" src=\"https:\/\/cdn-icons-png.flaticon.com\/512\/174\/174836.png\" alt=\"Android\">\n  <\/a>\n\n  <a class=\"float-btn float-ios\" href=\"https:\/\/player.glaudiotecnology.uk\/player-app-multi-plataforma\/7106\" target=\"_blank\" title=\"App iOS\">\n    <img decoding=\"async\" src=\"https:\/\/cdn-icons-png.flaticon.com\/512\/732\/732245.png\" alt=\"iOS\">\n  <\/a>\n\n<\/body>\n<\/html>\n\t\t\t\t<\/div>\n\t\t\t\t<\/div>\n\t\t\t\t<div class=\"elementor-element elementor-element-aa5da33 elementor-widget elementor-widget-image\" data-id=\"aa5da33\" data-element_type=\"widget\" data-widget_type=\"image.default\">\n\t\t\t\t<div class=\"elementor-widget-container\">\n\t\t\t\t\t\t\t\t\t\t\t\t\t\t\t<img fetchpriority=\"high\" decoding=\"async\" width=\"800\" height=\"103\" src=\"https:\/\/glaudiotecnology.com.br\/radio\/wp-content\/uploads\/2026\/02\/468x60_escuro@2x.png\" class=\"attachment-large size-large wp-image-183\" alt=\"\" srcset=\"https:\/\/glaudiotecnology.com.br\/radio\/wp-content\/uploads\/2026\/02\/468x60_escuro@2x.png 936w, https:\/\/glaudiotecnology.com.br\/radio\/wp-content\/uploads\/2026\/02\/468x60_escuro@2x-300x38.png 300w, https:\/\/glaudiotecnology.com.br\/radio\/wp-content\/uploads\/2026\/02\/468x60_escuro@2x-768x98.png 768w\" sizes=\"(max-width: 800px) 100vw, 800px\" \/>\t\t\t\t\t\t\t\t\t\t\t\t\t\t\t<\/div>\n\t\t\t\t<\/div>\n\t\t\t\t\t<\/div>\n\t\t\t\t<\/div>\n\t\t\t\t<\/div>\n\t\t","protected":false},"excerpt":{"rendered":"<p>Monte Alegre FM 87.9 Monte Alegre FM 87.9 Monte Alegre FM 87.9 A R\u00e1dio do Povo Sertanejo Localizada em Monte Alegre, no cora\u00e7\u00e3o do sert\u00e3o sergipano, a R\u00e1dio Monte Alegre FM 87.9 \u00e9 a verdadeira voz da nossa gente. Com o compromisso de informar, entreter e valorizar as ra\u00edzes sertanejas, nossa programa\u00e7\u00e3o \u00e9 feita com [&hellip;]<\/p>\n","protected":false},"author":1,"featured_media":0,"parent":0,"menu_order":0,"comment_status":"closed","ping_status":"closed","template":"elementor_canvas","meta":{"footnotes":""},"class_list":["post-64","page","type-page","status-publish","hentry"],"_links":{"self":[{"href":"https:\/\/glaudiotecnology.com.br\/radio\/index.php\/wp-json\/wp\/v2\/pages\/64","targetHints":{"allow":["GET"]}}],"collection":[{"href":"https:\/\/glaudiotecnology.com.br\/radio\/index.php\/wp-json\/wp\/v2\/pages"}],"about":[{"href":"https:\/\/glaudiotecnology.com.br\/radio\/index.php\/wp-json\/wp\/v2\/types\/page"}],"author":[{"embeddable":true,"href":"https:\/\/glaudiotecnology.com.br\/radio\/index.php\/wp-json\/wp\/v2\/users\/1"}],"replies":[{"embeddable":true,"href":"https:\/\/glaudiotecnology.com.br\/radio\/index.php\/wp-json\/wp\/v2\/comments?post=64"}],"version-history":[{"count":16,"href":"https:\/\/glaudiotecnology.com.br\/radio\/index.php\/wp-json\/wp\/v2\/pages\/64\/revisions"}],"predecessor-version":[{"id":186,"href":"https:\/\/glaudiotecnology.com.br\/radio\/index.php\/wp-json\/wp\/v2\/pages\/64\/revisions\/186"}],"wp:attachment":[{"href":"https:\/\/glaudiotecnology.com.br\/radio\/index.php\/wp-json\/wp\/v2\/media?parent=64"}],"curies":[{"name":"wp","href":"https:\/\/api.w.org\/{rel}","templated":true}]}}