{"id":14,"date":"2025-04-23T14:31:51","date_gmt":"2025-04-23T14:31:51","guid":{"rendered":"https:\/\/glaudiotecnology.com.br\/radio\/?page_id=14"},"modified":"2025-10-19T02:49:20","modified_gmt":"2025-10-19T02:49:20","slug":"webmesejanaradio","status":"publish","type":"page","link":"https:\/\/glaudiotecnology.com.br\/radio\/index.php\/webmesejanaradio\/","title":{"rendered":"RADIO WEB MESEJANA"},"content":{"rendered":"\t\t<div data-elementor-type=\"wp-page\" data-elementor-id=\"14\" class=\"elementor elementor-14\">\n\t\t\t\t<div class=\"elementor-element elementor-element-61ad476 e-flex e-con-boxed e-con e-parent\" data-id=\"61ad476\" data-element_type=\"container\">\n\t\t\t\t\t<div class=\"e-con-inner\">\n\t\t\t\t\t<\/div>\n\t\t\t\t<\/div>\n\t\t<div class=\"elementor-element elementor-element-7beef05 e-flex e-con-boxed e-con e-parent\" data-id=\"7beef05\" data-element_type=\"container\">\n\t\t\t\t\t<div class=\"e-con-inner\">\n\t\t\t\t<div class=\"elementor-element elementor-element-961b0e9 elementor-widget elementor-widget-html\" data-id=\"961b0e9\" data-element_type=\"widget\" data-widget_type=\"html.default\">\n\t\t\t\t<div class=\"elementor-widget-container\">\n\t\t\t\t\t<!DOCTYPE html>\n<html lang=\"pt-BR\">\n<head>\n  <meta charset=\"UTF-8\">\n  <meta name=\"viewport\" content=\"width=device-width, initial-scale=1.0\">\n  <title>R\u00e1dio Web - Messejana<\/title>\n  <style>\n    * {\n      margin: 0;\n      padding: 0;\n      box-sizing: border-box;\n    }\n\n    body {\n      font-family: 'Segoe UI', Tahoma, Geneva, Verdana, sans-serif;\n      background-color: #0d0d0d;\n      color: #f0f0f0;\n      display: flex;\n      flex-direction: column;\n      min-height: 100vh;\n      justify-content: center;\n      align-items: center;\n      padding: 20px;\n    }\n\n    .container {\n      max-width: 800px;\n      width: 100%;\n      background-color: #1a1a1a;\n      border-radius: 16px;\n      box-shadow: 0 8px 24px rgba(0, 0, 0, 0.6);\n      overflow: hidden;\n      text-align: center;\n      padding: 30px 20px;\n    }\n\n    .logo-box {\n      background-color: #2a2a2a;\n      border-radius: 12px;\n      padding: 20px;\n      margin-bottom: 20px;\n      box-shadow: 0 4px 16px rgba(0, 0, 0, 0.3);\n      display: flex;\n      justify-content: center;\n    }\n\n    .logo-box img {\n      max-width: 200px;\n      height: auto;\n      border-radius: 8px;\n    }\n\n    .description {\n      font-size: 1.2em;\n      line-height: 1.6;\n      margin-bottom: 30px;\n    }\n\n    iframe {\n      width: 100%;\n      height: 120px;\n      border: none;\n      border-radius: 8px;\n    }\n\n    .credit {\n      margin-top: 15px;\n      font-size: 0.9em;\n      color: #888;\n    }\n\n    @media (max-width: 600px) {\n      .container {\n        padding: 20px 15px;\n      }\n    }\n  <\/style>\n<\/head>\n<body>\n\n  <div class=\"container\">\n    <div class=\"logo-box\">\n      <img decoding=\"async\" src=\"https:\/\/glaudiotecnology.com.br\/radio\/wp-content\/uploads\/2025\/04\/IMG_8330.jpeg\" alt=\"Logo da R\u00e1dio\">\n    <\/div>\n\n    <h1>R\u00e1dio Web - Messejana<\/h1>\n    <p class=\"description\">\n      A R\u00e1dio \u00e9 uma esta\u00e7\u00e3o web localizada na regi\u00e3o da Capital Fortaleza, no estado do Cear\u00e1, Brasil.\n      Nosso objetivo \u00e9 levar m\u00fasica, cultura e informa\u00e7\u00e3o de qualidade para ouvintes de todo o mundo, direto do cora\u00e7\u00e3o do Nordeste.\n    <\/p>\n\n    <iframe src=\"https:\/\/player.glaudiotecnology.uk\/player-sonic\/7132\" allow=\"autoplay\"><\/iframe>\n\n    <div class=\"credit\">Desenvolvido por Gabriel L. Garcia<\/div>\n  <\/div>\n\n<\/body>\n<\/html>\n\t\t\t\t<\/div>\n\t\t\t\t<\/div>\n\t\t\t\t<div class=\"elementor-element elementor-element-fc9cd60 elementor-widget elementor-widget-image\" data-id=\"fc9cd60\" data-element_type=\"widget\" data-widget_type=\"image.default\">\n\t\t\t\t<div class=\"elementor-widget-container\">\n\t\t\t\t\t\t\t\t\t\t\t\t\t\t\t<img decoding=\"async\" src=\"https:\/\/img.radios.com.br\/divulgue\/app-radiosnet-468x60-a.jpg\" title=\"\" alt=\"\" loading=\"lazy\" \/>\t\t\t\t\t\t\t\t\t\t\t\t\t\t\t<\/div>\n\t\t\t\t<\/div>\n\t\t\t\t\t<\/div>\n\t\t\t\t<\/div>\n\t\t\t\t<\/div>\n\t\t","protected":false},"excerpt":{"rendered":"<p>R\u00e1dio Web &#8211; Messejana R\u00e1dio Web &#8211; Messejana A R\u00e1dio \u00e9 uma esta\u00e7\u00e3o web localizada na regi\u00e3o da Capital Fortaleza, no estado do Cear\u00e1, Brasil. Nosso objetivo \u00e9 levar m\u00fasica, cultura e informa\u00e7\u00e3o de qualidade para ouvintes de todo o mundo, direto do cora\u00e7\u00e3o do Nordeste. Desenvolvido por Gabriel L. Garcia<\/p>\n","protected":false},"author":1,"featured_media":0,"parent":0,"menu_order":0,"comment_status":"closed","ping_status":"closed","template":"elementor_canvas","meta":{"footnotes":""},"class_list":["post-14","page","type-page","status-publish","hentry"],"_links":{"self":[{"href":"https:\/\/glaudiotecnology.com.br\/radio\/index.php\/wp-json\/wp\/v2\/pages\/14","targetHints":{"allow":["GET"]}}],"collection":[{"href":"https:\/\/glaudiotecnology.com.br\/radio\/index.php\/wp-json\/wp\/v2\/pages"}],"about":[{"href":"https:\/\/glaudiotecnology.com.br\/radio\/index.php\/wp-json\/wp\/v2\/types\/page"}],"author":[{"embeddable":true,"href":"https:\/\/glaudiotecnology.com.br\/radio\/index.php\/wp-json\/wp\/v2\/users\/1"}],"replies":[{"embeddable":true,"href":"https:\/\/glaudiotecnology.com.br\/radio\/index.php\/wp-json\/wp\/v2\/comments?post=14"}],"version-history":[{"count":11,"href":"https:\/\/glaudiotecnology.com.br\/radio\/index.php\/wp-json\/wp\/v2\/pages\/14\/revisions"}],"predecessor-version":[{"id":124,"href":"https:\/\/glaudiotecnology.com.br\/radio\/index.php\/wp-json\/wp\/v2\/pages\/14\/revisions\/124"}],"wp:attachment":[{"href":"https:\/\/glaudiotecnology.com.br\/radio\/index.php\/wp-json\/wp\/v2\/media?parent=14"}],"curies":[{"name":"wp","href":"https:\/\/api.w.org\/{rel}","templated":true}]}}